{"id":613,"date":"2025-08-27T18:28:21","date_gmt":"2025-08-27T16:28:21","guid":{"rendered":"https:\/\/hla-secretariat.com\/?page_id=613"},"modified":"2026-02-27T17:56:20","modified_gmt":"2026-02-27T16:56:20","slug":"partenariats-professionnels","status":"publish","type":"page","link":"https:\/\/hla-secretariat.com\/?page_id=613","title":{"rendered":"Partenariats professionnels"},"content":{"rendered":"\t\t<div data-elementor-type=\"wp-page\" data-elementor-id=\"613\" class=\"elementor elementor-613\">\n\t\t\t\t\t\t\t\t\t<section class=\"elementor-section elementor-top-section elementor-element elementor-element-013fe19 elementor-section-boxed elementor-section-height-default elementor-section-height-default\" data-id=\"013fe19\" data-element_type=\"section\">\n\t\t\t\t\t\t<div class=\"elementor-container elementor-column-gap-default\">\n\t\t\t\t\t<div class=\"elementor-column elementor-col-100 elementor-top-column elementor-element elementor-element-916c9ce\" data-id=\"916c9ce\" data-element_type=\"column\">\n\t\t\t<div class=\"elementor-widget-wrap elementor-element-populated\">\n\t\t\t\t\t\t\t\t<div class=\"elementor-element elementor-element-7808afb elementor-widget elementor-widget-heading\" data-id=\"7808afb\" data-element_type=\"widget\" data-widget_type=\"heading.default\">\n\t\t\t\t<div class=\"elementor-widget-container\">\n\t\t\t<style>\/*! elementor - v3.11.5 - 14-03-2023 *\/\n.elementor-heading-title{padding:0;margin:0;line-height:1}.elementor-widget-heading .elementor-heading-title[class*=elementor-size-]>a{color:inherit;font-size:inherit;line-height:inherit}.elementor-widget-heading .elementor-heading-title.elementor-size-small{font-size:15px}.elementor-widget-heading .elementor-heading-title.elementor-size-medium{font-size:19px}.elementor-widget-heading .elementor-heading-title.elementor-size-large{font-size:29px}.elementor-widget-heading .elementor-heading-title.elementor-size-xl{font-size:39px}.elementor-widget-heading .elementor-heading-title.elementor-size-xxl{font-size:59px}<\/style><h1 class=\"elementor-heading-title elementor-size-large\">Partenariats Professionnels<\/h1>\t\t<\/div>\n\t\t\t\t<\/div>\n\t\t\t\t\t<\/div>\n\t\t<\/div>\n\t\t\t\t\t\t\t<\/div>\n\t\t<\/section>\n\t\t\t\t<section class=\"elementor-section elementor-top-section elementor-element elementor-element-36c9e24 elementor-section-boxed elementor-section-height-default elementor-section-height-default\" data-id=\"36c9e24\" data-element_type=\"section\">\n\t\t\t\t\t\t<div class=\"elementor-container elementor-column-gap-default\">\n\t\t\t\t\t<div class=\"elementor-column elementor-col-100 elementor-top-column elementor-element elementor-element-30ed8eb\" data-id=\"30ed8eb\" data-element_type=\"column\">\n\t\t\t<div class=\"elementor-widget-wrap elementor-element-populated\">\n\t\t\t\t\t\t\t\t<div class=\"elementor-element elementor-element-511c070 elementor-widget elementor-widget-spacer\" data-id=\"511c070\" data-element_type=\"widget\" data-widget_type=\"spacer.default\">\n\t\t\t\t<div class=\"elementor-widget-container\">\n\t\t\t<style>\/*! elementor - v3.11.5 - 14-03-2023 *\/\n.elementor-column .elementor-spacer-inner{height:var(--spacer-size)}.e-con{--container-widget-width:100%}.e-con-inner>.elementor-widget-spacer,.e-con>.elementor-widget-spacer{width:var(--container-widget-width,var(--spacer-size));--align-self:var(--container-widget-align-self,initial);--flex-shrink:0}.e-con-inner>.elementor-widget-spacer>.elementor-widget-container,.e-con-inner>.elementor-widget-spacer>.elementor-widget-container>.elementor-spacer,.e-con>.elementor-widget-spacer>.elementor-widget-container,.e-con>.elementor-widget-spacer>.elementor-widget-container>.elementor-spacer{height:100%}.e-con-inner>.elementor-widget-spacer>.elementor-widget-container>.elementor-spacer>.elementor-spacer-inner,.e-con>.elementor-widget-spacer>.elementor-widget-container>.elementor-spacer>.elementor-spacer-inner{height:var(--container-widget-height,var(--spacer-size))}<\/style>\t\t<div class=\"elementor-spacer\">\n\t\t\t<div class=\"elementor-spacer-inner\"><\/div>\n\t\t<\/div>\n\t\t\t\t<\/div>\n\t\t\t\t<\/div>\n\t\t\t\t\t<\/div>\n\t\t<\/div>\n\t\t\t\t\t\t\t<\/div>\n\t\t<\/section>\n\t\t\t\t<section class=\"elementor-section elementor-top-section elementor-element elementor-element-2c23415 elementor-section-boxed elementor-section-height-default elementor-section-height-default\" data-id=\"2c23415\" data-element_type=\"section\" data-settings=\"{&quot;background_background&quot;:&quot;classic&quot;}\">\n\t\t\t\t\t\t<div class=\"elementor-container elementor-column-gap-default\">\n\t\t\t\t\t<div class=\"elementor-column elementor-col-100 elementor-top-column elementor-element elementor-element-c2f4d6c\" data-id=\"c2f4d6c\" data-element_type=\"column\">\n\t\t\t<div class=\"elementor-widget-wrap elementor-element-populated\">\n\t\t\t\t\t\t\t\t<div class=\"elementor-element elementor-element-aa3f3cd elementor-widget elementor-widget-text-editor\" data-id=\"aa3f3cd\" data-element_type=\"widget\" data-widget_type=\"text-editor.default\">\n\t\t\t\t<div class=\"elementor-widget-container\">\n\t\t\t<style>\/*! elementor - v3.11.5 - 14-03-2023 *\/\n.elementor-widget-text-editor.elementor-drop-cap-view-stacked .elementor-drop-cap{background-color:#818a91;color:#fff}.elementor-widget-text-editor.elementor-drop-cap-view-framed .elementor-drop-cap{color:#818a91;border:3px solid;background-color:transparent}.elementor-widget-text-editor:not(.elementor-drop-cap-view-default) .elementor-drop-cap{margin-top:8px}.elementor-widget-text-editor:not(.elementor-drop-cap-view-default) .elementor-drop-cap-letter{width:1em;height:1em}.elementor-widget-text-editor .elementor-drop-cap{float:left;text-align:center;line-height:1;font-size:50px}.elementor-widget-text-editor .elementor-drop-cap-letter{display:inline-block}<\/style>\t\t\t\t<h1 style=\"text-align: center;\" data-start=\"365\" data-end=\"620\"><span style=\"color: #000000;\">Chez <strong data-start=\"408\" data-end=\"428\">HLA Gestion &amp; Co<\/strong>, nous s\u00e9lectionnons des solutions fiables pour vous aider \u00e0 mieux g\u00e9rer votre activit\u00e9 et gagner du temps.<\/span><\/h1><div><span style=\"color: #000000;\">\u00a0<\/span><\/div><h1 style=\"text-align: center;\" data-start=\"397\" data-end=\"515\"><span style=\"color: #000000;\">Retrouvez ci-dessous les solutions que nous avons choisies pour vous accompagner au quotidien.<\/span><\/h1><h1 style=\"text-align: center;\" data-start=\"517\" data-end=\"650\"><span style=\"color: #000000;\">Nous enrichissons r\u00e9guli\u00e8rement nos collaborations pour vous proposer toujours plus d\u2019outils adapt\u00e9s \u00e0 vos besoins.<\/span><\/h1>\t\t\t\t\t\t<\/div>\n\t\t\t\t<\/div>\n\t\t\t\t\t<\/div>\n\t\t<\/div>\n\t\t\t\t\t\t\t<\/div>\n\t\t<\/section>\n\t\t\t\t<section class=\"elementor-section elementor-top-section elementor-element elementor-element-80557ba elementor-section-boxed elementor-section-height-default elementor-section-height-default\" data-id=\"80557ba\" data-element_type=\"section\">\n\t\t\t\t\t\t<div class=\"elementor-container elementor-column-gap-default\">\n\t\t\t\t\t<div class=\"elementor-column elementor-col-100 elementor-top-column elementor-element elementor-element-b589ff3\" data-id=\"b589ff3\" data-element_type=\"column\">\n\t\t\t<div class=\"elementor-widget-wrap elementor-element-populated\">\n\t\t\t\t\t\t\t\t<div class=\"elementor-element elementor-element-24aa585 elementor-widget elementor-widget-spacer\" data-id=\"24aa585\" data-element_type=\"widget\" data-widget_type=\"spacer.default\">\n\t\t\t\t<div class=\"elementor-widget-container\">\n\t\t\t\t\t<div class=\"elementor-spacer\">\n\t\t\t<div class=\"elementor-spacer-inner\"><\/div>\n\t\t<\/div>\n\t\t\t\t<\/div>\n\t\t\t\t<\/div>\n\t\t\t\t\t<\/div>\n\t\t<\/div>\n\t\t\t\t\t\t\t<\/div>\n\t\t<\/section>\n\t\t\t\t<section class=\"elementor-section elementor-top-section elementor-element elementor-element-9acc961 elementor-section-boxed elementor-section-height-default elementor-section-height-default\" data-id=\"9acc961\" data-element_type=\"section\">\n\t\t\t\t\t\t<div class=\"elementor-container elementor-column-gap-default\">\n\t\t\t\t\t<div class=\"elementor-column elementor-col-100 elementor-top-column elementor-element elementor-element-f1ca380\" data-id=\"f1ca380\" data-element_type=\"column\">\n\t\t\t<div class=\"elementor-widget-wrap\">\n\t\t\t\t\t\t\t\t\t<\/div>\n\t\t<\/div>\n\t\t\t\t\t\t\t<\/div>\n\t\t<\/section>\n\t\t\t\t<section class=\"elementor-section elementor-top-section elementor-element elementor-element-00acb51 elementor-section-boxed elementor-section-height-default elementor-section-height-default\" data-id=\"00acb51\" data-element_type=\"section\">\n\t\t\t\t\t\t<div class=\"elementor-container elementor-column-gap-default\">\n\t\t\t\t\t<div class=\"elementor-column elementor-col-50 elementor-top-column elementor-element elementor-element-3f03d74\" data-id=\"3f03d74\" data-element_type=\"column\">\n\t\t\t<div class=\"elementor-widget-wrap elementor-element-populated\">\n\t\t\t\t\t\t\t\t<div class=\"elementor-element elementor-element-94f7465 elementor-widget elementor-widget-image\" data-id=\"94f7465\" data-element_type=\"widget\" data-widget_type=\"image.default\">\n\t\t\t\t<div class=\"elementor-widget-container\">\n\t\t\t<style>\/*! elementor - v3.11.5 - 14-03-2023 *\/\n.elementor-widget-image{text-align:center}.elementor-widget-image a{display:inline-block}.elementor-widget-image a img[src$=\".svg\"]{width:48px}.elementor-widget-image img{vertical-align:middle;display:inline-block}<\/style>\t\t\t\t\t\t\t\t\t\t\t\t<img loading=\"lazy\" decoding=\"async\" width=\"225\" height=\"225\" src=\"https:\/\/hla-secretariat.com\/wp-content\/uploads\/2025\/08\/images.png\" class=\"attachment-large size-large wp-image-616\" alt=\"\" srcset=\"https:\/\/hla-secretariat.com\/wp-content\/uploads\/2025\/08\/images.png 225w, https:\/\/hla-secretariat.com\/wp-content\/uploads\/2025\/08\/images-150x150.png 150w\" sizes=\"auto, (max-width: 225px) 100vw, 225px\" \/>\t\t\t\t\t\t\t\t\t\t\t\t\t\t\t<\/div>\n\t\t\t\t<\/div>\n\t\t\t\t\t<\/div>\n\t\t<\/div>\n\t\t\t\t<div class=\"elementor-column elementor-col-50 elementor-top-column elementor-element elementor-element-b785312\" data-id=\"b785312\" data-element_type=\"column\">\n\t\t\t<div class=\"elementor-widget-wrap elementor-element-populated\">\n\t\t\t\t\t\t\t\t<div class=\"elementor-element elementor-element-34e6e70 elementor-widget elementor-widget-text-editor\" data-id=\"34e6e70\" data-element_type=\"widget\" data-widget_type=\"text-editor.default\">\n\t\t\t\t<div class=\"elementor-widget-container\">\n\t\t\t\t\t\t\t<h2><span style=\"color: #000000;\">Obat est une solution simple et compl\u00e8te pour g\u00e9rer vos devis, factures et suivi de chantiers. Un outil pens\u00e9 pour les artisans et entrepreneurs afin de gagner en efficacit\u00e9 et en s\u00e9r\u00e9nit\u00e9.<\/span><\/h2><div>\u00a0<\/div>\t\t\t\t\t\t<\/div>\n\t\t\t\t<\/div>\n\t\t\t\t<div class=\"elementor-element elementor-element-9212894 elementor-button-info elementor-align-center elementor-widget elementor-widget-button\" data-id=\"9212894\" data-element_type=\"widget\" data-widget_type=\"button.default\">\n\t\t\t\t<div class=\"elementor-widget-container\">\n\t\t\t\t\t<div class=\"elementor-button-wrapper\">\n\t\t\t<a href=\"https:\/\/partenariats.obat.fr\/hla-secretariat\" target=\"_blank\" class=\"elementor-button-link elementor-button elementor-size-sm\" role=\"button\">\n\t\t\t\t\t\t<span class=\"elementor-button-content-wrapper\">\n\t\t\t\t\t\t<span class=\"elementor-button-text\">Cliquez ici<\/span>\n\t\t<\/span>\n\t\t\t\t\t<\/a>\n\t\t<\/div>\n\t\t\t\t<\/div>\n\t\t\t\t<\/div>\n\t\t\t\t\t<\/div>\n\t\t<\/div>\n\t\t\t\t\t\t\t<\/div>\n\t\t<\/section>\n\t\t\t\t<section class=\"elementor-section elementor-top-section elementor-element elementor-element-fe8ba0c elementor-section-boxed elementor-section-height-default elementor-section-height-default\" data-id=\"fe8ba0c\" data-element_type=\"section\">\n\t\t\t\t\t\t<div class=\"elementor-container elementor-column-gap-default\">\n\t\t\t\t\t<div class=\"elementor-column elementor-col-50 elementor-top-column elementor-element elementor-element-cbaf996\" data-id=\"cbaf996\" data-element_type=\"column\">\n\t\t\t<div class=\"elementor-widget-wrap\">\n\t\t\t\t\t\t\t\t\t<\/div>\n\t\t<\/div>\n\t\t\t\t<div class=\"elementor-column elementor-col-50 elementor-top-column elementor-element elementor-element-7d22cbb\" data-id=\"7d22cbb\" data-element_type=\"column\">\n\t\t\t<div class=\"elementor-widget-wrap elementor-element-populated\">\n\t\t\t\t\t\t\t\t<div class=\"elementor-element elementor-element-7ec43a3 elementor-widget elementor-widget-text-editor\" data-id=\"7ec43a3\" data-element_type=\"widget\" data-widget_type=\"text-editor.default\">\n\t\t\t\t<div class=\"elementor-widget-container\">\n\t\t\t\t\t\t\t<h2 style=\"text-align: center;\"><span style=\"color: #000000;\">Essayez le !\u00a0<\/span><\/h2><h6 style=\"text-align: center;\"><span style=\"color: #000000;\"><em><strong>2 mois offerts<\/strong><strong>* valable pour la souscription d&rsquo;un abonnement annuel ou apr\u00e8s 6 mois cons\u00e9cutifs d&rsquo;abonnement mensuel<\/strong><\/em><\/span><\/h6>\t\t\t\t\t\t<\/div>\n\t\t\t\t<\/div>\n\t\t\t\t\t<\/div>\n\t\t<\/div>\n\t\t\t\t\t\t\t<\/div>\n\t\t<\/section>\n\t\t\t\t<section class=\"elementor-section elementor-top-section elementor-element elementor-element-c62e554 elementor-section-boxed elementor-section-height-default elementor-section-height-default\" data-id=\"c62e554\" data-element_type=\"section\">\n\t\t\t\t\t\t<div class=\"elementor-container elementor-column-gap-default\">\n\t\t\t\t\t<div class=\"elementor-column elementor-col-100 elementor-top-column elementor-element elementor-element-d484657\" data-id=\"d484657\" data-element_type=\"column\">\n\t\t\t<div class=\"elementor-widget-wrap\">\n\t\t\t\t\t\t\t\t\t<\/div>\n\t\t<\/div>\n\t\t\t\t\t\t\t<\/div>\n\t\t<\/section>\n\t\t\t\t<section class=\"elementor-section elementor-top-section elementor-element elementor-element-d30af3b elementor-section-boxed elementor-section-height-default elementor-section-height-default\" data-id=\"d30af3b\" data-element_type=\"section\">\n\t\t\t\t\t\t<div class=\"elementor-container elementor-column-gap-default\">\n\t\t\t\t\t<div class=\"elementor-column elementor-col-100 elementor-top-column elementor-element elementor-element-467875c\" data-id=\"467875c\" data-element_type=\"column\">\n\t\t\t<div class=\"elementor-widget-wrap\">\n\t\t\t\t\t\t\t\t\t<\/div>\n\t\t<\/div>\n\t\t\t\t\t\t\t<\/div>\n\t\t<\/section>\n\t\t\t\t\t\t\t<\/div>\n\t\t","protected":false},"excerpt":{"rendered":"<p>Partenariats Professionnels Chez HLA Gestion &amp; Co, nous s\u00e9lectionnons des solutions fiables pour vous aider \u00e0 mieux g\u00e9rer votre activit\u00e9 et gagner du temps. \u00a0 Retrouvez ci-dessous les solutions que nous avons choisies pour vous accompagner au quotidien. Nous enrichissons r\u00e9guli\u00e8rement nos collaborations pour vous proposer toujours plus d\u2019outils adapt\u00e9s \u00e0 vos besoins. Obat est [&hellip;]<\/p>\n","protected":false},"author":1,"featured_media":400,"parent":0,"menu_order":0,"comment_status":"closed","ping_status":"closed","template":"","meta":{"footnotes":""},"class_list":["post-613","page","type-page","status-publish","has-post-thumbnail","hentry","entry","has-media"],"yoast_head":"<!-- This site is optimized with the Yoast SEO plugin v20.3 - https:\/\/yoast.com\/wordpress\/plugins\/seo\/ -->\n<title>Partenariats professionnels - HLA Secr\u00e9tariat<\/title>\n<meta name=\"robots\" content=\"index, follow, max-snippet:-1, max-image-preview:large, max-video-preview:-1\" \/>\n<link rel=\"canonical\" href=\"https:\/\/hla-secretariat.com\/?page_id=613\" \/>\n<meta property=\"og:locale\" content=\"fr_FR\" \/>\n<meta property=\"og:type\" content=\"article\" \/>\n<meta property=\"og:title\" content=\"Partenariats professionnels - HLA Secr\u00e9tariat\" \/>\n<meta property=\"og:description\" content=\"Partenariats Professionnels Chez HLA Gestion &amp; Co, nous s\u00e9lectionnons des solutions fiables pour vous aider \u00e0 mieux g\u00e9rer votre activit\u00e9 et gagner du temps. \u00a0 Retrouvez ci-dessous les solutions que nous avons choisies pour vous accompagner au quotidien. Nous enrichissons r\u00e9guli\u00e8rement nos collaborations pour vous proposer toujours plus d\u2019outils adapt\u00e9s \u00e0 vos besoins. Obat est [&hellip;]\" \/>\n<meta property=\"og:url\" content=\"https:\/\/hla-secretariat.com\/?page_id=613\" \/>\n<meta property=\"og:site_name\" content=\"HLA Secr\u00e9tariat\" \/>\n<meta property=\"article:publisher\" content=\"https:\/\/www.facebook.com\/profile.php?id=100089475713702\" \/>\n<meta property=\"article:modified_time\" content=\"2026-02-27T16:56:20+00:00\" \/>\n<meta property=\"og:image\" content=\"https:\/\/hla-secretariat.com\/wp-content\/uploads\/2023\/04\/fond-plancher-texture-bois-gris-pale-scaled.jpg\" \/>\n\t<meta property=\"og:image:width\" content=\"2560\" \/>\n\t<meta property=\"og:image:height\" content=\"1707\" \/>\n\t<meta property=\"og:image:type\" content=\"image\/jpeg\" \/>\n<meta name=\"twitter:card\" content=\"summary_large_image\" \/>\n<meta name=\"twitter:label1\" content=\"Dur\u00e9e de lecture estim\u00e9e\" \/>\n\t<meta name=\"twitter:data1\" content=\"1 minute\" \/>\n<script type=\"application\/ld+json\" class=\"yoast-schema-graph\">{\"@context\":\"https:\/\/schema.org\",\"@graph\":[{\"@type\":\"WebPage\",\"@id\":\"https:\/\/hla-secretariat.com\/?page_id=613\",\"url\":\"https:\/\/hla-secretariat.com\/?page_id=613\",\"name\":\"Partenariats professionnels - HLA Secr\u00e9tariat\",\"isPartOf\":{\"@id\":\"https:\/\/hla-secretariat.com\/#website\"},\"datePublished\":\"2025-08-27T16:28:21+00:00\",\"dateModified\":\"2026-02-27T16:56:20+00:00\",\"breadcrumb\":{\"@id\":\"https:\/\/hla-secretariat.com\/?page_id=613#breadcrumb\"},\"inLanguage\":\"fr-FR\",\"potentialAction\":[{\"@type\":\"ReadAction\",\"target\":[\"https:\/\/hla-secretariat.com\/?page_id=613\"]}]},{\"@type\":\"BreadcrumbList\",\"@id\":\"https:\/\/hla-secretariat.com\/?page_id=613#breadcrumb\",\"itemListElement\":[{\"@type\":\"ListItem\",\"position\":1,\"name\":\"Accueil\",\"item\":\"https:\/\/hla-secretariat.com\/\"},{\"@type\":\"ListItem\",\"position\":2,\"name\":\"Partenariats professionnels\"}]},{\"@type\":\"WebSite\",\"@id\":\"https:\/\/hla-secretariat.com\/#website\",\"url\":\"https:\/\/hla-secretariat.com\/\",\"name\":\"HLA Secr\u00e9tariat\",\"description\":\"Mon exp\u00e9rience d&#039;hier sera votre force de demain\",\"publisher\":{\"@id\":\"https:\/\/hla-secretariat.com\/#organization\"},\"potentialAction\":[{\"@type\":\"SearchAction\",\"target\":{\"@type\":\"EntryPoint\",\"urlTemplate\":\"https:\/\/hla-secretariat.com\/?s={search_term_string}\"},\"query-input\":\"required name=search_term_string\"}],\"inLanguage\":\"fr-FR\"},{\"@type\":\"Organization\",\"@id\":\"https:\/\/hla-secretariat.com\/#organization\",\"name\":\"HLA Secr\u00e9tariat\",\"url\":\"https:\/\/hla-secretariat.com\/\",\"logo\":{\"@type\":\"ImageObject\",\"inLanguage\":\"fr-FR\",\"@id\":\"https:\/\/hla-secretariat.com\/#\/schema\/logo\/image\/\",\"url\":\"https:\/\/hla-secretariat.com\/wp-content\/uploads\/2023\/02\/cropped-linkedin_banner_image_1-e1676823563131-1.png\",\"contentUrl\":\"https:\/\/hla-secretariat.com\/wp-content\/uploads\/2023\/02\/cropped-linkedin_banner_image_1-e1676823563131-1.png\",\"width\":360,\"height\":137,\"caption\":\"HLA Secr\u00e9tariat\"},\"image\":{\"@id\":\"https:\/\/hla-secretariat.com\/#\/schema\/logo\/image\/\"},\"sameAs\":[\"https:\/\/www.facebook.com\/profile.php?id=100089475713702\",\"https:\/\/www.linkedin.com\/company\/hla-secrtariat\/\"]}]}<\/script>\n<!-- \/ Yoast SEO plugin. -->","yoast_head_json":{"title":"Partenariats professionnels - HLA Secr\u00e9tariat","robots":{"index":"index","follow":"follow","max-snippet":"max-snippet:-1","max-image-preview":"max-image-preview:large","max-video-preview":"max-video-preview:-1"},"canonical":"https:\/\/hla-secretariat.com\/?page_id=613","og_locale":"fr_FR","og_type":"article","og_title":"Partenariats professionnels - HLA Secr\u00e9tariat","og_description":"Partenariats Professionnels Chez HLA Gestion &amp; Co, nous s\u00e9lectionnons des solutions fiables pour vous aider \u00e0 mieux g\u00e9rer votre activit\u00e9 et gagner du temps. \u00a0 Retrouvez ci-dessous les solutions que nous avons choisies pour vous accompagner au quotidien. Nous enrichissons r\u00e9guli\u00e8rement nos collaborations pour vous proposer toujours plus d\u2019outils adapt\u00e9s \u00e0 vos besoins. Obat est [&hellip;]","og_url":"https:\/\/hla-secretariat.com\/?page_id=613","og_site_name":"HLA Secr\u00e9tariat","article_publisher":"https:\/\/www.facebook.com\/profile.php?id=100089475713702","article_modified_time":"2026-02-27T16:56:20+00:00","og_image":[{"width":2560,"height":1707,"url":"https:\/\/hla-secretariat.com\/wp-content\/uploads\/2023\/04\/fond-plancher-texture-bois-gris-pale-scaled.jpg","type":"image\/jpeg"}],"twitter_card":"summary_large_image","twitter_misc":{"Dur\u00e9e de lecture estim\u00e9e":"1 minute"},"schema":{"@context":"https:\/\/schema.org","@graph":[{"@type":"WebPage","@id":"https:\/\/hla-secretariat.com\/?page_id=613","url":"https:\/\/hla-secretariat.com\/?page_id=613","name":"Partenariats professionnels - HLA Secr\u00e9tariat","isPartOf":{"@id":"https:\/\/hla-secretariat.com\/#website"},"datePublished":"2025-08-27T16:28:21+00:00","dateModified":"2026-02-27T16:56:20+00:00","breadcrumb":{"@id":"https:\/\/hla-secretariat.com\/?page_id=613#breadcrumb"},"inLanguage":"fr-FR","potentialAction":[{"@type":"ReadAction","target":["https:\/\/hla-secretariat.com\/?page_id=613"]}]},{"@type":"BreadcrumbList","@id":"https:\/\/hla-secretariat.com\/?page_id=613#breadcrumb","itemListElement":[{"@type":"ListItem","position":1,"name":"Accueil","item":"https:\/\/hla-secretariat.com\/"},{"@type":"ListItem","position":2,"name":"Partenariats professionnels"}]},{"@type":"WebSite","@id":"https:\/\/hla-secretariat.com\/#website","url":"https:\/\/hla-secretariat.com\/","name":"HLA Secr\u00e9tariat","description":"Mon exp\u00e9rience d&#039;hier sera votre force de demain","publisher":{"@id":"https:\/\/hla-secretariat.com\/#organization"},"potentialAction":[{"@type":"SearchAction","target":{"@type":"EntryPoint","urlTemplate":"https:\/\/hla-secretariat.com\/?s={search_term_string}"},"query-input":"required name=search_term_string"}],"inLanguage":"fr-FR"},{"@type":"Organization","@id":"https:\/\/hla-secretariat.com\/#organization","name":"HLA Secr\u00e9tariat","url":"https:\/\/hla-secretariat.com\/","logo":{"@type":"ImageObject","inLanguage":"fr-FR","@id":"https:\/\/hla-secretariat.com\/#\/schema\/logo\/image\/","url":"https:\/\/hla-secretariat.com\/wp-content\/uploads\/2023\/02\/cropped-linkedin_banner_image_1-e1676823563131-1.png","contentUrl":"https:\/\/hla-secretariat.com\/wp-content\/uploads\/2023\/02\/cropped-linkedin_banner_image_1-e1676823563131-1.png","width":360,"height":137,"caption":"HLA Secr\u00e9tariat"},"image":{"@id":"https:\/\/hla-secretariat.com\/#\/schema\/logo\/image\/"},"sameAs":["https:\/\/www.facebook.com\/profile.php?id=100089475713702","https:\/\/www.linkedin.com\/company\/hla-secrtariat\/"]}]}},"_links":{"self":[{"href":"https:\/\/hla-secretariat.com\/index.php?rest_route=\/wp\/v2\/pages\/613","targetHints":{"allow":["GET"]}}],"collection":[{"href":"https:\/\/hla-secretariat.com\/index.php?rest_route=\/wp\/v2\/pages"}],"about":[{"href":"https:\/\/hla-secretariat.com\/index.php?rest_route=\/wp\/v2\/types\/page"}],"author":[{"embeddable":true,"href":"https:\/\/hla-secretariat.com\/index.php?rest_route=\/wp\/v2\/users\/1"}],"replies":[{"embeddable":true,"href":"https:\/\/hla-secretariat.com\/index.php?rest_route=%2Fwp%2Fv2%2Fcomments&post=613"}],"version-history":[{"count":14,"href":"https:\/\/hla-secretariat.com\/index.php?rest_route=\/wp\/v2\/pages\/613\/revisions"}],"predecessor-version":[{"id":636,"href":"https:\/\/hla-secretariat.com\/index.php?rest_route=\/wp\/v2\/pages\/613\/revisions\/636"}],"wp:featuredmedia":[{"embeddable":true,"href":"https:\/\/hla-secretariat.com\/index.php?rest_route=\/wp\/v2\/media\/400"}],"wp:attachment":[{"href":"https:\/\/hla-secretariat.com\/index.php?rest_route=%2Fwp%2Fv2%2Fmedia&parent=613"}],"curies":[{"name":"wp","href":"https:\/\/api.w.org\/{rel}","templated":true}]}}