{"id":9,"date":"2023-02-08T20:20:41","date_gmt":"2023-02-08T19:20:41","guid":{"rendered":"http:\/\/hla-secretariat.com\/?page_id=9"},"modified":"2025-01-03T15:16:40","modified_gmt":"2025-01-03T14:16:40","slug":"prestations-gestion-administrative-et-commerciale","status":"publish","type":"page","link":"https:\/\/hla-secretariat.com\/?page_id=9","title":{"rendered":"Prestations"},"content":{"rendered":"\t\t<div data-elementor-type=\"wp-page\" data-elementor-id=\"9\" class=\"elementor elementor-9\">\n\t\t\t\t\t\t\t\t\t<section class=\"elementor-section elementor-top-section elementor-element elementor-element-a517ab0 elementor-section-full_width elementor-section-stretched elementor-section-height-default elementor-section-height-default\" data-id=\"a517ab0\" data-element_type=\"section\" data-settings=\"{&quot;stretch_section&quot;:&quot;section-stretched&quot;,&quot;background_background&quot;:&quot;classic&quot;}\">\n\t\t\t\t\t\t<div class=\"elementor-container elementor-column-gap-default\">\n\t\t\t\t\t<div class=\"elementor-column elementor-col-100 elementor-top-column elementor-element elementor-element-4b29cfd\" data-id=\"4b29cfd\" data-element_type=\"column\">\n\t\t\t<div class=\"elementor-widget-wrap elementor-element-populated\">\n\t\t\t\t\t\t\t\t<div class=\"elementor-element elementor-element-ae70d14 elementor-widget elementor-widget-heading\" data-id=\"ae70d14\" data-element_type=\"widget\" data-widget_type=\"heading.default\">\n\t\t\t\t<div class=\"elementor-widget-container\">\n\t\t\t<style>\/*! elementor - v3.11.5 - 14-03-2023 *\/\n.elementor-heading-title{padding:0;margin:0;line-height:1}.elementor-widget-heading .elementor-heading-title[class*=elementor-size-]>a{color:inherit;font-size:inherit;line-height:inherit}.elementor-widget-heading .elementor-heading-title.elementor-size-small{font-size:15px}.elementor-widget-heading .elementor-heading-title.elementor-size-medium{font-size:19px}.elementor-widget-heading .elementor-heading-title.elementor-size-large{font-size:29px}.elementor-widget-heading .elementor-heading-title.elementor-size-xl{font-size:39px}.elementor-widget-heading .elementor-heading-title.elementor-size-xxl{font-size:59px}<\/style><h2 class=\"elementor-heading-title elementor-size-default\">PRESTATIONS<\/h2>\t\t<\/div>\n\t\t\t\t<\/div>\n\t\t\t\t<div class=\"elementor-element elementor-element-8eb1dc7 elementor-widget-divider--view-line elementor-widget elementor-widget-divider\" data-id=\"8eb1dc7\" data-element_type=\"widget\" data-widget_type=\"divider.default\">\n\t\t\t\t<div class=\"elementor-widget-container\">\n\t\t\t<style>\/*! elementor - v3.11.5 - 14-03-2023 *\/\n.elementor-widget-divider{--divider-border-style:none;--divider-border-width:1px;--divider-color:#2c2c2c;--divider-icon-size:20px;--divider-element-spacing:10px;--divider-pattern-height:24px;--divider-pattern-size:20px;--divider-pattern-url:none;--divider-pattern-repeat:repeat-x}.elementor-widget-divider .elementor-divider{display:flex}.elementor-widget-divider .elementor-divider__text{font-size:15px;line-height:1;max-width:95%}.elementor-widget-divider .elementor-divider__element{margin:0 var(--divider-element-spacing);flex-shrink:0}.elementor-widget-divider .elementor-icon{font-size:var(--divider-icon-size)}.elementor-widget-divider .elementor-divider-separator{display:flex;margin:0;direction:ltr}.elementor-widget-divider--view-line_icon .elementor-divider-separator,.elementor-widget-divider--view-line_text .elementor-divider-separator{align-items:center}.elementor-widget-divider--view-line_icon .elementor-divider-separator:after,.elementor-widget-divider--view-line_icon .elementor-divider-separator:before,.elementor-widget-divider--view-line_text .elementor-divider-separator:after,.elementor-widget-divider--view-line_text .elementor-divider-separator:before{display:block;content:\"\";border-bottom:0;flex-grow:1;border-top:var(--divider-border-width) var(--divider-border-style) var(--divider-color)}.elementor-widget-divider--element-align-left .elementor-divider .elementor-divider-separator>.elementor-divider__svg:first-of-type{flex-grow:0;flex-shrink:100}.elementor-widget-divider--element-align-left .elementor-divider-separator:before{content:none}.elementor-widget-divider--element-align-left .elementor-divider__element{margin-left:0}.elementor-widget-divider--element-align-right .elementor-divider .elementor-divider-separator>.elementor-divider__svg:last-of-type{flex-grow:0;flex-shrink:100}.elementor-widget-divider--element-align-right .elementor-divider-separator:after{content:none}.elementor-widget-divider--element-align-right .elementor-divider__element{margin-right:0}.elementor-widget-divider:not(.elementor-widget-divider--view-line_text):not(.elementor-widget-divider--view-line_icon) .elementor-divider-separator{border-top:var(--divider-border-width) var(--divider-border-style) var(--divider-color)}.elementor-widget-divider--separator-type-pattern{--divider-border-style:none}.elementor-widget-divider--separator-type-pattern.elementor-widget-divider--view-line .elementor-divider-separator,.elementor-widget-divider--separator-type-pattern:not(.elementor-widget-divider--view-line) .elementor-divider-separator:after,.elementor-widget-divider--separator-type-pattern:not(.elementor-widget-divider--view-line) .elementor-divider-separator:before,.elementor-widget-divider--separator-type-pattern:not([class*=elementor-widget-divider--view]) .elementor-divider-separator{width:100%;min-height:var(--divider-pattern-height);-webkit-mask-size:var(--divider-pattern-size) 100%;mask-size:var(--divider-pattern-size) 100%;-webkit-mask-repeat:var(--divider-pattern-repeat);mask-repeat:var(--divider-pattern-repeat);background-color:var(--divider-color);-webkit-mask-image:var(--divider-pattern-url);mask-image:var(--divider-pattern-url)}.elementor-widget-divider--no-spacing{--divider-pattern-size:auto}.elementor-widget-divider--bg-round{--divider-pattern-repeat:round}.rtl .elementor-widget-divider .elementor-divider__text{direction:rtl}.e-con-inner>.elementor-widget-divider,.e-con>.elementor-widget-divider{width:var(--container-widget-width,100%);--flex-grow:var(--container-widget-flex-grow)}<\/style>\t\t<div class=\"elementor-divider\">\n\t\t\t<span class=\"elementor-divider-separator\">\n\t\t\t\t\t\t<\/span>\n\t\t<\/div>\n\t\t\t\t<\/div>\n\t\t\t\t<\/div>\n\t\t\t\t\t<\/div>\n\t\t<\/div>\n\t\t\t\t\t\t\t<\/div>\n\t\t<\/section>\n\t\t\t\t<section class=\"elementor-section elementor-top-section elementor-element elementor-element-cdb835f elementor-section-content-middle elementor-section-full_width elementor-section-stretched elementor-section-height-default elementor-section-height-default\" data-id=\"cdb835f\" data-element_type=\"section\" data-settings=\"{&quot;stretch_section&quot;:&quot;section-stretched&quot;,&quot;background_background&quot;:&quot;classic&quot;}\">\n\t\t\t\t\t\t<div class=\"elementor-container elementor-column-gap-default\">\n\t\t\t\t\t<div class=\"elementor-column elementor-col-50 elementor-top-column elementor-element elementor-element-5f9679b animated-slow elementor-invisible\" data-id=\"5f9679b\" data-element_type=\"column\" data-settings=\"{&quot;background_background&quot;:&quot;gradient&quot;,&quot;animation&quot;:&quot;fadeInLeft&quot;}\">\n\t\t\t<div class=\"elementor-widget-wrap elementor-element-populated\">\n\t\t\t\t\t\t\t\t<div class=\"elementor-element elementor-element-eac1a24 elementor-widget elementor-widget-heading\" data-id=\"eac1a24\" data-element_type=\"widget\" data-widget_type=\"heading.default\">\n\t\t\t\t<div class=\"elementor-widget-container\">\n\t\t\t<h2 class=\"elementor-heading-title elementor-size-default\">GESTION ADMINISTRATIVE<\/h2>\t\t<\/div>\n\t\t\t\t<\/div>\n\t\t\t\t<div class=\"elementor-element elementor-element-f82ec48 elementor-widget elementor-widget-text-editor\" data-id=\"f82ec48\" data-element_type=\"widget\" data-widget_type=\"text-editor.default\">\n\t\t\t\t<div class=\"elementor-widget-container\">\n\t\t\t<style>\/*! elementor - v3.11.5 - 14-03-2023 *\/\n.elementor-widget-text-editor.elementor-drop-cap-view-stacked .elementor-drop-cap{background-color:#818a91;color:#fff}.elementor-widget-text-editor.elementor-drop-cap-view-framed .elementor-drop-cap{color:#818a91;border:3px solid;background-color:transparent}.elementor-widget-text-editor:not(.elementor-drop-cap-view-default) .elementor-drop-cap{margin-top:8px}.elementor-widget-text-editor:not(.elementor-drop-cap-view-default) .elementor-drop-cap-letter{width:1em;height:1em}.elementor-widget-text-editor .elementor-drop-cap{float:left;text-align:center;line-height:1;font-size:50px}.elementor-widget-text-editor .elementor-drop-cap-letter{display:inline-block}<\/style>\t\t\t\t<ul><li>\u00a0 Classement et archivage<\/li><li>\u00a0 Gestion du courrier<\/li><li>\u00a0 Gestion du planning<\/li><li>\u00a0 Cr\u00e9ation de tableaux<\/li><li>\u00a0 R\u00e9daction de courriers et documents<\/li><li>\u00a0 D\u00e9marches administratives<\/li><li>\u00a0 Divers documents administratif<\/li><li>\u00a0 Achats<\/li><li>\u00a0 Optimisation de votre administratif&#8230;<\/li><\/ul>\t\t\t\t\t\t<\/div>\n\t\t\t\t<\/div>\n\t\t\t\t\t<\/div>\n\t\t<\/div>\n\t\t\t\t<div class=\"elementor-column elementor-col-50 elementor-top-column elementor-element elementor-element-f201944 elementor-hidden-mobile\" data-id=\"f201944\" data-element_type=\"column\">\n\t\t\t<div class=\"elementor-widget-wrap\">\n\t\t\t\t\t\t\t\t\t<\/div>\n\t\t<\/div>\n\t\t\t\t\t\t\t<\/div>\n\t\t<\/section>\n\t\t\t\t<section class=\"elementor-section elementor-top-section elementor-element elementor-element-90c6df5 elementor-section-content-middle elementor-section-full_width elementor-section-stretched elementor-section-height-default elementor-section-height-default\" data-id=\"90c6df5\" data-element_type=\"section\" data-settings=\"{&quot;stretch_section&quot;:&quot;section-stretched&quot;,&quot;background_background&quot;:&quot;classic&quot;}\">\n\t\t\t\t\t\t<div class=\"elementor-container elementor-column-gap-default\">\n\t\t\t\t\t<div class=\"elementor-column elementor-col-50 elementor-top-column elementor-element elementor-element-ac43416 elementor-hidden-mobile\" data-id=\"ac43416\" data-element_type=\"column\">\n\t\t\t<div class=\"elementor-widget-wrap\">\n\t\t\t\t\t\t\t\t\t<\/div>\n\t\t<\/div>\n\t\t\t\t<div class=\"elementor-column elementor-col-50 elementor-top-column elementor-element elementor-element-ef56d1e animated-slow elementor-invisible\" data-id=\"ef56d1e\" data-element_type=\"column\" data-settings=\"{&quot;background_background&quot;:&quot;gradient&quot;,&quot;animation&quot;:&quot;fadeInRight&quot;}\">\n\t\t\t<div class=\"elementor-widget-wrap elementor-element-populated\">\n\t\t\t\t\t\t\t\t<div class=\"elementor-element elementor-element-7e8044e elementor-widget elementor-widget-heading\" data-id=\"7e8044e\" data-element_type=\"widget\" data-widget_type=\"heading.default\">\n\t\t\t\t<div class=\"elementor-widget-container\">\n\t\t\t<h2 class=\"elementor-heading-title elementor-size-default\">GESTION COMMERCIALE<\/h2>\t\t<\/div>\n\t\t\t\t<\/div>\n\t\t\t\t<div class=\"elementor-element elementor-element-28396a2 elementor-widget elementor-widget-text-editor\" data-id=\"28396a2\" data-element_type=\"widget\" data-widget_type=\"text-editor.default\">\n\t\t\t\t<div class=\"elementor-widget-container\">\n\t\t\t\t\t\t\t<ul><li>Devis et facturation<\/li><li>Relances clients \/ suivi des impay\u00e9s<\/li><li>Appels d&rsquo;offres<\/li><li>Rapprochement bons de commandes\/factures<\/li><li>Ouverture de dossiers<\/li><li>Prise de rdv<\/li><li>Gestion des fournisseurs&#8230;\u00a0<\/li><\/ul>\t\t\t\t\t\t<\/div>\n\t\t\t\t<\/div>\n\t\t\t\t\t<\/div>\n\t\t<\/div>\n\t\t\t\t\t\t\t<\/div>\n\t\t<\/section>\n\t\t\t\t<section class=\"elementor-section elementor-top-section elementor-element elementor-element-27410e3 elementor-section-content-middle elementor-section-full_width elementor-section-stretched elementor-section-height-default elementor-section-height-default\" data-id=\"27410e3\" data-element_type=\"section\" data-settings=\"{&quot;stretch_section&quot;:&quot;section-stretched&quot;,&quot;background_background&quot;:&quot;classic&quot;}\">\n\t\t\t\t\t\t<div class=\"elementor-container elementor-column-gap-default\">\n\t\t\t\t\t<div class=\"elementor-column elementor-col-50 elementor-top-column elementor-element elementor-element-863e23d animated-slow elementor-invisible\" data-id=\"863e23d\" data-element_type=\"column\" data-settings=\"{&quot;background_background&quot;:&quot;gradient&quot;,&quot;animation&quot;:&quot;fadeInLeft&quot;}\">\n\t\t\t<div class=\"elementor-widget-wrap elementor-element-populated\">\n\t\t\t\t\t\t\t\t<div class=\"elementor-element elementor-element-82cff11 elementor-widget elementor-widget-heading\" data-id=\"82cff11\" data-element_type=\"widget\" data-widget_type=\"heading.default\">\n\t\t\t\t<div class=\"elementor-widget-container\">\n\t\t\t<h2 class=\"elementor-heading-title elementor-size-default\">DIVERS<\/h2>\t\t<\/div>\n\t\t\t\t<\/div>\n\t\t\t\t<div class=\"elementor-element elementor-element-4593b99 elementor-widget elementor-widget-text-editor\" data-id=\"4593b99\" data-element_type=\"widget\" data-widget_type=\"text-editor.default\">\n\t\t\t\t<div class=\"elementor-widget-container\">\n\t\t\t\t\t\t\t<ul><li>DUE, d\u00e9clarations, pr\u00e9paration des \u00e9l\u00e9ments pour les salaires, Pointage des heures, visite m\u00e9dicale..<\/li><li>Dossier s\u00e9curit\u00e9 de l&rsquo;entreprise (machines, mat\u00e9riel)<\/li><li>Document unique<\/li><li>Formation<\/li><li>Note de frais<\/li><li>Aide \u00e0 la pr\u00e9paration de la comptabilit\u00e9 pour transmission \u00e0 l&rsquo;expert comptable<\/li><li>R\u00e8glements fournisseurs<\/li><li>Cr\u00e9ation de Flyers, carte de visite&#8230;.\u00a0<\/li><li>Liste non exhaustive<\/li><\/ul>\t\t\t\t\t\t<\/div>\n\t\t\t\t<\/div>\n\t\t\t\t\t<\/div>\n\t\t<\/div>\n\t\t\t\t<div class=\"elementor-column elementor-col-50 elementor-top-column elementor-element elementor-element-ae66f37 elementor-hidden-mobile\" data-id=\"ae66f37\" data-element_type=\"column\">\n\t\t\t<div class=\"elementor-widget-wrap\">\n\t\t\t\t\t\t\t\t\t<\/div>\n\t\t<\/div>\n\t\t\t\t\t\t\t<\/div>\n\t\t<\/section>\n\t\t\t\t<section class=\"elementor-section elementor-top-section elementor-element elementor-element-e5dbc26 elementor-section-boxed elementor-section-height-default elementor-section-height-default\" data-id=\"e5dbc26\" data-element_type=\"section\">\n\t\t\t\t\t\t<div class=\"elementor-container elementor-column-gap-default\">\n\t\t\t\t\t<div class=\"elementor-column elementor-col-100 elementor-top-column elementor-element elementor-element-dfdb212\" data-id=\"dfdb212\" data-element_type=\"column\">\n\t\t\t<div class=\"elementor-widget-wrap\">\n\t\t\t\t\t\t\t\t\t<\/div>\n\t\t<\/div>\n\t\t\t\t\t\t\t<\/div>\n\t\t<\/section>\n\t\t\t\t\t\t\t<\/div>\n\t\t","protected":false},"excerpt":{"rendered":"<p>PRESTATIONS GESTION ADMINISTRATIVE \u00a0 Classement et archivage \u00a0 Gestion du courrier \u00a0 Gestion du planning \u00a0 Cr\u00e9ation de tableaux \u00a0 R\u00e9daction de courriers et documents \u00a0 D\u00e9marches administratives \u00a0 Divers documents administratif \u00a0 Achats \u00a0 Optimisation de votre administratif&#8230; GESTION COMMERCIALE Devis et facturation Relances clients \/ suivi des impay\u00e9s Appels d&rsquo;offres Rapprochement bons de [&hellip;]<\/p>\n","protected":false},"author":1,"featured_media":0,"parent":0,"menu_order":0,"comment_status":"closed","ping_status":"closed","template":"","meta":{"footnotes":""},"class_list":["post-9","page","type-page","status-publish","hentry","entry"],"yoast_head":"<!-- This site is optimized with the Yoast SEO plugin v20.3 - https:\/\/yoast.com\/wordpress\/plugins\/seo\/ -->\n<title>gestion administrative commerciale Prestations - HLA Secr\u00e9tariat %<\/title>\n<meta name=\"description\" content=\"Je propose des prestations de gestion administrative, commerciale. Je peux aussi faire le lien avec votre expert comptable pour les documents.\" \/>\n<meta name=\"robots\" content=\"index, follow, max-snippet:-1, max-image-preview:large, max-video-preview:-1\" \/>\n<link rel=\"canonical\" href=\"https:\/\/hla-secretariat.com\/?page_id=9\" \/>\n<meta property=\"og:locale\" content=\"fr_FR\" \/>\n<meta property=\"og:type\" content=\"article\" \/>\n<meta property=\"og:title\" content=\"gestion administrative commerciale Prestations - HLA Secr\u00e9tariat %\" \/>\n<meta property=\"og:description\" content=\"Je propose des prestations de gestion administrative, commerciale. Je peux aussi faire le lien avec votre expert comptable pour les documents.\" \/>\n<meta property=\"og:url\" content=\"https:\/\/hla-secretariat.com\/?page_id=9\" \/>\n<meta property=\"og:site_name\" content=\"HLA Secr\u00e9tariat\" \/>\n<meta property=\"article:publisher\" content=\"https:\/\/www.facebook.com\/profile.php?id=100089475713702\" \/>\n<meta property=\"article:modified_time\" content=\"2025-01-03T14:16:40+00:00\" \/>\n<meta name=\"twitter:card\" content=\"summary_large_image\" \/>\n<meta name=\"twitter:label1\" content=\"Dur\u00e9e de lecture estim\u00e9e\" \/>\n\t<meta name=\"twitter:data1\" content=\"1 minute\" \/>\n<script type=\"application\/ld+json\" class=\"yoast-schema-graph\">{\"@context\":\"https:\/\/schema.org\",\"@graph\":[{\"@type\":\"WebPage\",\"@id\":\"https:\/\/hla-secretariat.com\/?page_id=9\",\"url\":\"https:\/\/hla-secretariat.com\/?page_id=9\",\"name\":\"gestion administrative commerciale Prestations - HLA Secr\u00e9tariat %\",\"isPartOf\":{\"@id\":\"https:\/\/hla-secretariat.com\/#website\"},\"datePublished\":\"2023-02-08T19:20:41+00:00\",\"dateModified\":\"2025-01-03T14:16:40+00:00\",\"description\":\"Je propose des prestations de gestion administrative, commerciale. Je peux aussi faire le lien avec votre expert comptable pour les documents.\",\"breadcrumb\":{\"@id\":\"https:\/\/hla-secretariat.com\/?page_id=9#breadcrumb\"},\"inLanguage\":\"fr-FR\",\"potentialAction\":[{\"@type\":\"ReadAction\",\"target\":[\"https:\/\/hla-secretariat.com\/?page_id=9\"]}]},{\"@type\":\"BreadcrumbList\",\"@id\":\"https:\/\/hla-secretariat.com\/?page_id=9#breadcrumb\",\"itemListElement\":[{\"@type\":\"ListItem\",\"position\":1,\"name\":\"Accueil\",\"item\":\"https:\/\/hla-secretariat.com\/\"},{\"@type\":\"ListItem\",\"position\":2,\"name\":\"Prestations\"}]},{\"@type\":\"WebSite\",\"@id\":\"https:\/\/hla-secretariat.com\/#website\",\"url\":\"https:\/\/hla-secretariat.com\/\",\"name\":\"HLA Secr\u00e9tariat\",\"description\":\"Mon exp\u00e9rience d&#039;hier sera votre force de demain\",\"publisher\":{\"@id\":\"https:\/\/hla-secretariat.com\/#organization\"},\"potentialAction\":[{\"@type\":\"SearchAction\",\"target\":{\"@type\":\"EntryPoint\",\"urlTemplate\":\"https:\/\/hla-secretariat.com\/?s={search_term_string}\"},\"query-input\":\"required name=search_term_string\"}],\"inLanguage\":\"fr-FR\"},{\"@type\":\"Organization\",\"@id\":\"https:\/\/hla-secretariat.com\/#organization\",\"name\":\"HLA Secr\u00e9tariat\",\"url\":\"https:\/\/hla-secretariat.com\/\",\"logo\":{\"@type\":\"ImageObject\",\"inLanguage\":\"fr-FR\",\"@id\":\"https:\/\/hla-secretariat.com\/#\/schema\/logo\/image\/\",\"url\":\"https:\/\/hla-secretariat.com\/wp-content\/uploads\/2023\/02\/cropped-linkedin_banner_image_1-e1676823563131-1.png\",\"contentUrl\":\"https:\/\/hla-secretariat.com\/wp-content\/uploads\/2023\/02\/cropped-linkedin_banner_image_1-e1676823563131-1.png\",\"width\":360,\"height\":137,\"caption\":\"HLA Secr\u00e9tariat\"},\"image\":{\"@id\":\"https:\/\/hla-secretariat.com\/#\/schema\/logo\/image\/\"},\"sameAs\":[\"https:\/\/www.facebook.com\/profile.php?id=100089475713702\",\"https:\/\/www.linkedin.com\/company\/hla-secrtariat\/\"]}]}<\/script>\n<!-- \/ Yoast SEO plugin. -->","yoast_head_json":{"title":"gestion administrative commerciale Prestations - HLA Secr\u00e9tariat %","description":"Je propose des prestations de gestion administrative, commerciale. Je peux aussi faire le lien avec votre expert comptable pour les documents.","robots":{"index":"index","follow":"follow","max-snippet":"max-snippet:-1","max-image-preview":"max-image-preview:large","max-video-preview":"max-video-preview:-1"},"canonical":"https:\/\/hla-secretariat.com\/?page_id=9","og_locale":"fr_FR","og_type":"article","og_title":"gestion administrative commerciale Prestations - HLA Secr\u00e9tariat %","og_description":"Je propose des prestations de gestion administrative, commerciale. Je peux aussi faire le lien avec votre expert comptable pour les documents.","og_url":"https:\/\/hla-secretariat.com\/?page_id=9","og_site_name":"HLA Secr\u00e9tariat","article_publisher":"https:\/\/www.facebook.com\/profile.php?id=100089475713702","article_modified_time":"2025-01-03T14:16:40+00:00","twitter_card":"summary_large_image","twitter_misc":{"Dur\u00e9e de lecture estim\u00e9e":"1 minute"},"schema":{"@context":"https:\/\/schema.org","@graph":[{"@type":"WebPage","@id":"https:\/\/hla-secretariat.com\/?page_id=9","url":"https:\/\/hla-secretariat.com\/?page_id=9","name":"gestion administrative commerciale Prestations - HLA Secr\u00e9tariat %","isPartOf":{"@id":"https:\/\/hla-secretariat.com\/#website"},"datePublished":"2023-02-08T19:20:41+00:00","dateModified":"2025-01-03T14:16:40+00:00","description":"Je propose des prestations de gestion administrative, commerciale. Je peux aussi faire le lien avec votre expert comptable pour les documents.","breadcrumb":{"@id":"https:\/\/hla-secretariat.com\/?page_id=9#breadcrumb"},"inLanguage":"fr-FR","potentialAction":[{"@type":"ReadAction","target":["https:\/\/hla-secretariat.com\/?page_id=9"]}]},{"@type":"BreadcrumbList","@id":"https:\/\/hla-secretariat.com\/?page_id=9#breadcrumb","itemListElement":[{"@type":"ListItem","position":1,"name":"Accueil","item":"https:\/\/hla-secretariat.com\/"},{"@type":"ListItem","position":2,"name":"Prestations"}]},{"@type":"WebSite","@id":"https:\/\/hla-secretariat.com\/#website","url":"https:\/\/hla-secretariat.com\/","name":"HLA Secr\u00e9tariat","description":"Mon exp\u00e9rience d&#039;hier sera votre force de demain","publisher":{"@id":"https:\/\/hla-secretariat.com\/#organization"},"potentialAction":[{"@type":"SearchAction","target":{"@type":"EntryPoint","urlTemplate":"https:\/\/hla-secretariat.com\/?s={search_term_string}"},"query-input":"required name=search_term_string"}],"inLanguage":"fr-FR"},{"@type":"Organization","@id":"https:\/\/hla-secretariat.com\/#organization","name":"HLA Secr\u00e9tariat","url":"https:\/\/hla-secretariat.com\/","logo":{"@type":"ImageObject","inLanguage":"fr-FR","@id":"https:\/\/hla-secretariat.com\/#\/schema\/logo\/image\/","url":"https:\/\/hla-secretariat.com\/wp-content\/uploads\/2023\/02\/cropped-linkedin_banner_image_1-e1676823563131-1.png","contentUrl":"https:\/\/hla-secretariat.com\/wp-content\/uploads\/2023\/02\/cropped-linkedin_banner_image_1-e1676823563131-1.png","width":360,"height":137,"caption":"HLA Secr\u00e9tariat"},"image":{"@id":"https:\/\/hla-secretariat.com\/#\/schema\/logo\/image\/"},"sameAs":["https:\/\/www.facebook.com\/profile.php?id=100089475713702","https:\/\/www.linkedin.com\/company\/hla-secrtariat\/"]}]}},"_links":{"self":[{"href":"https:\/\/hla-secretariat.com\/index.php?rest_route=\/wp\/v2\/pages\/9","targetHints":{"allow":["GET"]}}],"collection":[{"href":"https:\/\/hla-secretariat.com\/index.php?rest_route=\/wp\/v2\/pages"}],"about":[{"href":"https:\/\/hla-secretariat.com\/index.php?rest_route=\/wp\/v2\/types\/page"}],"author":[{"embeddable":true,"href":"https:\/\/hla-secretariat.com\/index.php?rest_route=\/wp\/v2\/users\/1"}],"replies":[{"embeddable":true,"href":"https:\/\/hla-secretariat.com\/index.php?rest_route=%2Fwp%2Fv2%2Fcomments&post=9"}],"version-history":[{"count":60,"href":"https:\/\/hla-secretariat.com\/index.php?rest_route=\/wp\/v2\/pages\/9\/revisions"}],"predecessor-version":[{"id":598,"href":"https:\/\/hla-secretariat.com\/index.php?rest_route=\/wp\/v2\/pages\/9\/revisions\/598"}],"wp:attachment":[{"href":"https:\/\/hla-secretariat.com\/index.php?rest_route=%2Fwp%2Fv2%2Fmedia&parent=9"}],"curies":[{"name":"wp","href":"https:\/\/api.w.org\/{rel}","templated":true}]}}